{"id":185,"date":"2021-10-05T11:05:07","date_gmt":"2021-10-05T11:05:07","guid":{"rendered":"http:\/\/localhost\/machic\/?page_id=185"},"modified":"2025-11-29T15:46:13","modified_gmt":"2025-11-29T15:46:13","slug":"refund_returns-2","status":"publish","type":"page","link":"https:\/\/www.magazin.isusmiscanatiuni.ro\/en\/refund_returns-2\/","title":{"rendered":"Politica de retur"},"content":{"rendered":"<div data-elementor-type=\"wp-page\" data-elementor-id=\"185\" class=\"elementor elementor-185\">\n\t\t\t\t\t\t<section class=\"elementor-section elementor-top-section elementor-element elementor-element-25f50553 elementor-section-boxed elementor-section-height-default elementor-section-height-default\" data-id=\"25f50553\" data-element_type=\"section\" data-e-type=\"section\">\n\t\t\t\t\t\t<div class=\"elementor-container elementor-column-gap-default\">\n\t\t\t\t\t<div class=\"elementor-column elementor-col-100 elementor-top-column elementor-element elementor-element-4ab42f83\" data-id=\"4ab42f83\" data-element_type=\"column\" data-e-type=\"column\">\n\t\t\t<div class=\"elementor-widget-wrap elementor-element-populated\">\n\t\t\t\t\t\t<div class=\"elementor-element elementor-element-9d7fa95 elementor-widget elementor-widget-text-editor\" data-id=\"9d7fa95\" data-element_type=\"widget\" data-e-type=\"widget\" data-widget_type=\"text-editor.default\">\n\t\t\t\t\t\t\t\t\t<p><\/p>\n<h2><b>1. Introducere<\/b><\/h2>\n<p class=\"p3\">Aceast\u0103 politic\u0103 stabile\u0219te condi\u021biile \u00een care clien\u021bii pot returna produsele achizi\u021bionate de pe site.<\/p>\n<h2><b>2. Dreptul de retragere<\/b><\/h2>\n<p class=\"p3\">Conform OUG 34\/2014, consumatorul are dreptul s\u0103 returneze produsul \u00een <span class=\"s2\"><b>14 zile calendaristice<\/b><\/span>, f\u0103r\u0103 a invoca un motiv.<\/p>\n<p class=\"p3\">Perioada se calculeaz\u0103 de la data primirii produsului.<\/p>\n<h2><b>3. Condi\u021bii de returnare<\/b><\/h2>\n<p class=\"p3\">Produsul trebuie s\u0103 fie:<\/p>\n<ul>\n<li>\n<p class=\"p1\">\u00een aceea\u0219i stare \u00een care a fost livrat<\/p>\n<\/li>\n<li>\n<p class=\"p1\">f\u0103r\u0103 urme de uzur\u0103<\/p>\n<\/li>\n<li>\n<p class=\"p1\">cu toate accesoriile \u0219i ambalajele originale (dac\u0103 este cazul)<\/p>\n<\/li>\n<\/ul>\n<p class=\"p3\">Nu se pot returna produse:<\/p>\n<ul>\n<li>\n<p class=\"p1\">deteriorate din vina clientului<\/p>\n<\/li>\n<li>\n<p class=\"p1\">folosite excesiv<\/p>\n<\/li>\n<li>\n<p class=\"p1\">personalizate sau realizate la comand\u0103<\/p>\n<\/li>\n<\/ul>\n<h2><b>4. Procedura de returnare<\/b><\/h2>\n<ol start=\"1\">\n<li>\n<p class=\"p1\">Clientul trimite cererea la <span class=\"s1\"><b>contact@isusmiscanatiuni.ro<\/b><b><\/b><\/span><\/p>\n<\/li>\n<li>\n<p class=\"p1\">Prime\u0219te instruc\u021biunile \u0219i adresa de retur<\/p>\n<\/li>\n<li>\n<p class=\"p1\">Trimite produsul prin curier<\/p>\n<\/li>\n<li>\n<p class=\"p1\">La recep\u021bionare, se verific\u0103 starea produsului<\/p>\n<\/li>\n<li>\n<p class=\"p1\">Restituirea banilor se face \u00een <span class=\"s1\"><b>maxim 14 zile<\/b><\/span> de la confirmarea returului<\/p>\n<\/li>\n<\/ol>\n<h2><b>5. Costuri<\/b><\/h2>\n<ul>\n<li>\n<p class=\"p1\">Costul transportului la retur poate fi suportat de client (\u00een func\u021bie de politicile interne)<\/p>\n<\/li>\n<li>\n<p class=\"p1\">Dac\u0103 produsul a fost defect din fabric\u0103, costurile sunt suportate de operator<\/p>\n<\/li>\n<\/ul>\n<h2><b>6. Rambursarea banilor<\/b><\/h2>\n<p class=\"p3\">Restituirea sumei se face prin aceea\u0219i metod\u0103 prin care s-a efectuat plata, cu excep\u021bia cazului \u00een care clientul solicit\u0103 altfel.<\/p>\n<h2><b>7. Contact Return\u0103ri<\/b><\/h2>\n<p class=\"p4\"><span class=\"s3\">E-mail:&nbsp;<\/span><b><\/b><span style=\"font-weight: 700; letter-spacing: -0.03px; font-size: 1rem;\">contact@isusmiscanatiuni.ro<\/span><\/p>\n<p><\/p>\t\t\t\t\t\t\t\t<\/div>\n\t\t\t\t\t<\/div>\n\t\t<\/div>\n\t\t\t\t\t<\/div>\n\t\t<\/section>\n\t\t\t\t<\/div>","protected":false},"excerpt":{"rendered":"<p>1. Introducere Aceast\u0103 politic\u0103 stabile\u0219te condi\u021biile \u00een care clien\u021bii pot returna produsele achizi\u021bionate de pe site. 2. Dreptul de retragere Conform OUG 34\/2014, consumatorul are dreptul s\u0103 returneze produsul \u00een 14 zile calendaristice, f\u0103r\u0103 a invoca un motiv. Perioada se calculeaz\u0103 de la data primirii produsului. 3. Condi\u021bii de returnare Produsul trebuie s\u0103 fie: \u00een<\/p>\n<div class=\"klb-readmore entry-button\"><a class=\"btn read-more\" href=\"https:\/\/www.magazin.isusmiscanatiuni.ro\/en\/refund_returns-2\/\">Read More<\/a><\/div>","protected":false},"author":1,"featured_media":0,"parent":0,"menu_order":0,"comment_status":"closed","ping_status":"closed","template":"","meta":{"footnotes":""},"class_list":["post-185","page","type-page","status-publish","hentry"],"_links":{"self":[{"href":"https:\/\/www.magazin.isusmiscanatiuni.ro\/en\/wp-json\/wp\/v2\/pages\/185","targetHints":{"allow":["GET"]}}],"collection":[{"href":"https:\/\/www.magazin.isusmiscanatiuni.ro\/en\/wp-json\/wp\/v2\/pages"}],"about":[{"href":"https:\/\/www.magazin.isusmiscanatiuni.ro\/en\/wp-json\/wp\/v2\/types\/page"}],"author":[{"embeddable":true,"href":"https:\/\/www.magazin.isusmiscanatiuni.ro\/en\/wp-json\/wp\/v2\/users\/1"}],"replies":[{"embeddable":true,"href":"https:\/\/www.magazin.isusmiscanatiuni.ro\/en\/wp-json\/wp\/v2\/comments?post=185"}],"version-history":[{"count":4,"href":"https:\/\/www.magazin.isusmiscanatiuni.ro\/en\/wp-json\/wp\/v2\/pages\/185\/revisions"}],"predecessor-version":[{"id":2659,"href":"https:\/\/www.magazin.isusmiscanatiuni.ro\/en\/wp-json\/wp\/v2\/pages\/185\/revisions\/2659"}],"wp:attachment":[{"href":"https:\/\/www.magazin.isusmiscanatiuni.ro\/en\/wp-json\/wp\/v2\/media?parent=185"}],"curies":[{"name":"wp","href":"https:\/\/api.w.org\/{rel}","templated":true}]}}