{"id":2597,"date":"2021-08-30T06:39:37","date_gmt":"2021-08-30T06:39:37","guid":{"rendered":"http:\/\/localhost\/machic\/?page_id=3"},"modified":"2025-11-29T15:45:01","modified_gmt":"2025-11-29T15:45:01","slug":"privacy-policy-2","status":"publish","type":"page","link":"https:\/\/www.magazin.isusmiscanatiuni.ro\/en\/privacy-policy-2\/","title":{"rendered":"Politica de confidentialitate"},"content":{"rendered":"<div data-elementor-type=\"wp-page\" data-elementor-id=\"2597\" class=\"elementor elementor-2597\">\n\t\t\t\t\t\t<section class=\"elementor-section elementor-top-section elementor-element elementor-element-5be4c7c elementor-section-boxed elementor-section-height-default elementor-section-height-default\" data-id=\"5be4c7c\" data-element_type=\"section\" data-e-type=\"section\">\n\t\t\t\t\t\t<div class=\"elementor-container elementor-column-gap-default\">\n\t\t\t\t\t<div class=\"elementor-column elementor-col-100 elementor-top-column elementor-element elementor-element-ef7dd8a\" data-id=\"ef7dd8a\" data-element_type=\"column\" data-e-type=\"column\">\n\t\t\t<div class=\"elementor-widget-wrap elementor-element-populated\">\n\t\t\t\t\t\t<div class=\"elementor-element elementor-element-b52ce40 elementor-widget elementor-widget-heading\" data-id=\"b52ce40\" data-element_type=\"widget\" data-e-type=\"widget\" data-widget_type=\"heading.default\">\n\t\t\t\t\t<h3 class=\"elementor-heading-title elementor-size-default\">1. Introducere<\/h3>\t\t\t\t<\/div>\n\t\t\t\t<div class=\"elementor-element elementor-element-18729f6 elementor-widget elementor-widget-heading\" data-id=\"18729f6\" data-element_type=\"widget\" data-e-type=\"widget\" data-widget_type=\"heading.default\">\n\t\t\t\t\t<p class=\"elementor-heading-title elementor-size-default\">Aceast\u0103 politic\u0103 explic\u0103 modul \u00een care sunt colectate, utilizate \u0219i protejate datele personale ale utilizatorilor care acceseaz\u0103 site-ul.\n\nOperatorul respect\u0103 legisla\u021bia aplicabil\u0103, inclusiv Regulamentul GDPR (UE 2016\/679).\n<\/p>\t\t\t\t<\/div>\n\t\t\t\t\t<\/div>\n\t\t<\/div>\n\t\t\t\t\t<\/div>\n\t\t<\/section>\n\t\t\t\t<section class=\"elementor-section elementor-top-section elementor-element elementor-element-cde4f17 elementor-section-boxed elementor-section-height-default elementor-section-height-default\" data-id=\"cde4f17\" data-element_type=\"section\" data-e-type=\"section\">\n\t\t\t\t\t\t<div class=\"elementor-container elementor-column-gap-default\">\n\t\t\t\t\t<div class=\"elementor-column elementor-col-100 elementor-top-column elementor-element elementor-element-747fb16\" data-id=\"747fb16\" data-element_type=\"column\" data-e-type=\"column\">\n\t\t\t<div class=\"elementor-widget-wrap elementor-element-populated\">\n\t\t\t\t\t\t<div class=\"elementor-element elementor-element-d49482d elementor-widget elementor-widget-heading\" data-id=\"d49482d\" data-element_type=\"widget\" data-e-type=\"widget\" data-widget_type=\"heading.default\">\n\t\t\t\t\t<h3 class=\"elementor-heading-title elementor-size-default\">2. Ce date colect\u0103m<\/h3>\t\t\t\t<\/div>\n\t\t\t\t<div class=\"elementor-element elementor-element-ebd0ac9 elementor-widget elementor-widget-heading\" data-id=\"ebd0ac9\" data-element_type=\"widget\" data-e-type=\"widget\" data-widget_type=\"heading.default\">\n\t\t\t\t\t<p class=\"elementor-heading-title elementor-size-default\">Putem colecta urm\u0103toarele date:\n\t\u2022\tnume \u0219i prenume\n\t\u2022\tadres\u0103 e-mail\n\t\u2022\tnum\u0103r de telefon\n\t\u2022\tadresa de livrare\n\t\u2022\tdate de facturare\n\t\u2022\tdate tehnice: IP, cookie-uri, sesiuni, comportament de navigare<\/p>\t\t\t\t<\/div>\n\t\t\t\t\t<\/div>\n\t\t<\/div>\n\t\t\t\t\t<\/div>\n\t\t<\/section>\n\t\t\t\t<section class=\"elementor-section elementor-top-section elementor-element elementor-element-7099b35 elementor-section-boxed elementor-section-height-default elementor-section-height-default\" data-id=\"7099b35\" data-element_type=\"section\" data-e-type=\"section\">\n\t\t\t\t\t\t<div class=\"elementor-container elementor-column-gap-default\">\n\t\t\t\t\t<div class=\"elementor-column elementor-col-100 elementor-top-column elementor-element elementor-element-cf2bd71\" data-id=\"cf2bd71\" data-element_type=\"column\" data-e-type=\"column\">\n\t\t\t<div class=\"elementor-widget-wrap elementor-element-populated\">\n\t\t\t\t\t\t<div class=\"elementor-element elementor-element-648edfb elementor-widget elementor-widget-heading\" data-id=\"648edfb\" data-element_type=\"widget\" data-e-type=\"widget\" data-widget_type=\"heading.default\">\n\t\t\t\t\t<h3 class=\"elementor-heading-title elementor-size-default\">3. Scopul colect\u0103rii<\/h3>\t\t\t\t<\/div>\n\t\t\t\t<div class=\"elementor-element elementor-element-bae6be2 elementor-widget elementor-widget-heading\" data-id=\"bae6be2\" data-element_type=\"widget\" data-e-type=\"widget\" data-widget_type=\"heading.default\">\n\t\t\t\t\t<p class=\"elementor-heading-title elementor-size-default\">Datele sunt utilizate pentru:\n\t\u2022\t\u00eenregistrare \u0219i autentificare \u00een cont\n\t\u2022\tprocesarea comenzilor\n\t\u2022\temiterea facturilor\n\t\u2022\tcomunic\u0103ri comerciale (newsletter, notific\u0103ri) doar cu acordul utilizatorului\n\t\u2022\tanaliz\u0103 \u0219i \u00eembun\u0103t\u0103\u021bire a experien\u021bei pe site\n<\/p>\t\t\t\t<\/div>\n\t\t\t\t\t<\/div>\n\t\t<\/div>\n\t\t\t\t\t<\/div>\n\t\t<\/section>\n\t\t\t\t<section class=\"elementor-section elementor-top-section elementor-element elementor-element-37c5372 elementor-section-boxed elementor-section-height-default elementor-section-height-default\" data-id=\"37c5372\" data-element_type=\"section\" data-e-type=\"section\">\n\t\t\t\t\t\t<div class=\"elementor-container elementor-column-gap-default\">\n\t\t\t\t\t<div class=\"elementor-column elementor-col-100 elementor-top-column elementor-element elementor-element-d96a33e\" data-id=\"d96a33e\" data-element_type=\"column\" data-e-type=\"column\">\n\t\t\t<div class=\"elementor-widget-wrap elementor-element-populated\">\n\t\t\t\t\t\t<div class=\"elementor-element elementor-element-76df173 elementor-widget elementor-widget-heading\" data-id=\"76df173\" data-element_type=\"widget\" data-e-type=\"widget\" data-widget_type=\"heading.default\">\n\t\t\t\t\t<h3 class=\"elementor-heading-title elementor-size-default\">4. Temeiul legal<\/h3>\t\t\t\t<\/div>\n\t\t\t\t<div class=\"elementor-element elementor-element-1eae9d6 elementor-widget elementor-widget-heading\" data-id=\"1eae9d6\" data-element_type=\"widget\" data-e-type=\"widget\" data-widget_type=\"heading.default\">\n\t\t\t\t\t<p class=\"elementor-heading-title elementor-size-default\">Prelucrarea datelor se bazeaz\u0103 pe:\n\t\u2022\tconsim\u021b\u0103m\u00e2nt\n\t\u2022\texecutarea contractului\n\t\u2022\tobliga\u021bii legale (facturare, contabilitate)\n\t\u2022\tinteres legitim (securitatea site-ului, analiza traficului)\n<\/p>\t\t\t\t<\/div>\n\t\t\t\t\t<\/div>\n\t\t<\/div>\n\t\t\t\t\t<\/div>\n\t\t<\/section>\n\t\t\t\t<section class=\"elementor-section elementor-top-section elementor-element elementor-element-d0ceeb0 elementor-section-boxed elementor-section-height-default elementor-section-height-default\" data-id=\"d0ceeb0\" data-element_type=\"section\" data-e-type=\"section\">\n\t\t\t\t\t\t<div class=\"elementor-container elementor-column-gap-default\">\n\t\t\t\t\t<div class=\"elementor-column elementor-col-100 elementor-top-column elementor-element elementor-element-5b04598\" data-id=\"5b04598\" data-element_type=\"column\" data-e-type=\"column\">\n\t\t\t<div class=\"elementor-widget-wrap elementor-element-populated\">\n\t\t\t\t\t\t<div class=\"elementor-element elementor-element-482e018 elementor-widget elementor-widget-heading\" data-id=\"482e018\" data-element_type=\"widget\" data-e-type=\"widget\" data-widget_type=\"heading.default\">\n\t\t\t\t\t<h3 class=\"elementor-heading-title elementor-size-default\">5. Stocarea datelor<\/h3>\t\t\t\t<\/div>\n\t\t\t\t<div class=\"elementor-element elementor-element-14fb440 elementor-widget elementor-widget-heading\" data-id=\"14fb440\" data-element_type=\"widget\" data-e-type=\"widget\" data-widget_type=\"heading.default\">\n\t\t\t\t\t<p class=\"elementor-heading-title elementor-size-default\">Datele sunt stocate pe servere securizate \u0219i sunt p\u0103strate doar c\u00e2t timp este necesar pentru \u00eendeplinirea scopurilor declarate.\n<\/p>\t\t\t\t<\/div>\n\t\t\t\t\t<\/div>\n\t\t<\/div>\n\t\t\t\t\t<\/div>\n\t\t<\/section>\n\t\t\t\t<section class=\"elementor-section elementor-top-section elementor-element elementor-element-43c79ff elementor-section-boxed elementor-section-height-default elementor-section-height-default\" data-id=\"43c79ff\" data-element_type=\"section\" data-e-type=\"section\">\n\t\t\t\t\t\t<div class=\"elementor-container elementor-column-gap-default\">\n\t\t\t\t\t<div class=\"elementor-column elementor-col-100 elementor-top-column elementor-element elementor-element-09f6ebc\" data-id=\"09f6ebc\" data-element_type=\"column\" data-e-type=\"column\">\n\t\t\t<div class=\"elementor-widget-wrap elementor-element-populated\">\n\t\t\t\t\t\t<div class=\"elementor-element elementor-element-4b95800 elementor-widget elementor-widget-heading\" data-id=\"4b95800\" data-element_type=\"widget\" data-e-type=\"widget\" data-widget_type=\"heading.default\">\n\t\t\t\t\t<h3 class=\"elementor-heading-title elementor-size-default\">6. Divulgarea datelor<\/h3>\t\t\t\t<\/div>\n\t\t\t\t<div class=\"elementor-element elementor-element-3c8d4af elementor-widget elementor-widget-heading\" data-id=\"3c8d4af\" data-element_type=\"widget\" data-e-type=\"widget\" data-widget_type=\"heading.default\">\n\t\t\t\t\t<p class=\"elementor-heading-title elementor-size-default\">Datele pot fi transmise c\u0103tre:\n\t\u2022\tfirme de curierat\n\t\u2022\tprocesatori de pl\u0103\u021bi\n\t\u2022\tfurnizorul de hosting\n\t\u2022\tautorit\u0103\u021bi, atunci c\u00e2nd este legal necesar\n\nNu vindem \u0219i nu \u00eenchiriem date personale c\u0103tre ter\u021bi.<\/p>\t\t\t\t<\/div>\n\t\t\t\t\t<\/div>\n\t\t<\/div>\n\t\t\t\t\t<\/div>\n\t\t<\/section>\n\t\t\t\t<section class=\"elementor-section elementor-top-section elementor-element elementor-element-343e449 elementor-section-boxed elementor-section-height-default elementor-section-height-default\" data-id=\"343e449\" data-element_type=\"section\" data-e-type=\"section\">\n\t\t\t\t\t\t<div class=\"elementor-container elementor-column-gap-default\">\n\t\t\t\t\t<div class=\"elementor-column elementor-col-100 elementor-top-column elementor-element elementor-element-2df8b8b\" data-id=\"2df8b8b\" data-element_type=\"column\" data-e-type=\"column\">\n\t\t\t<div class=\"elementor-widget-wrap elementor-element-populated\">\n\t\t\t\t\t\t<div class=\"elementor-element elementor-element-ae47236 elementor-widget elementor-widget-heading\" data-id=\"ae47236\" data-element_type=\"widget\" data-e-type=\"widget\" data-widget_type=\"heading.default\">\n\t\t\t\t\t<h3 class=\"elementor-heading-title elementor-size-default\">7. Drepturile utilizatorului<\/h3>\t\t\t\t<\/div>\n\t\t\t\t<div class=\"elementor-element elementor-element-42ea378 elementor-widget elementor-widget-heading\" data-id=\"42ea378\" data-element_type=\"widget\" data-e-type=\"widget\" data-widget_type=\"heading.default\">\n\t\t\t\t\t<p class=\"elementor-heading-title elementor-size-default\">Conform GDPR, utilizatorul are dreptul la:\n\t\u2022\tacces la date\n\t\u2022\trectificare\n\t\u2022\t\u0219tergere (\u201edreptul de a fi uitat\u201d)\n\t\u2022\trestric\u021bionare\n\t\u2022\tportabilitate\n\t\u2022\topozi\u021bie\n\t\u2022\tretragerea consim\u021b\u0103m\u00e2ntului<\/p>\t\t\t\t<\/div>\n\t\t\t\t\t<\/div>\n\t\t<\/div>\n\t\t\t\t\t<\/div>\n\t\t<\/section>\n\t\t\t\t<section class=\"elementor-section elementor-top-section elementor-element elementor-element-f6ee3e1 elementor-section-boxed elementor-section-height-default elementor-section-height-default\" data-id=\"f6ee3e1\" data-element_type=\"section\" data-e-type=\"section\">\n\t\t\t\t\t\t<div class=\"elementor-container elementor-column-gap-default\">\n\t\t\t\t\t<div class=\"elementor-column elementor-col-100 elementor-top-column elementor-element elementor-element-789c669\" data-id=\"789c669\" data-element_type=\"column\" data-e-type=\"column\">\n\t\t\t<div class=\"elementor-widget-wrap elementor-element-populated\">\n\t\t\t\t\t\t<div class=\"elementor-element elementor-element-54da3db elementor-widget elementor-widget-heading\" data-id=\"54da3db\" data-element_type=\"widget\" data-e-type=\"widget\" data-widget_type=\"heading.default\">\n\t\t\t\t\t<h3 class=\"elementor-heading-title elementor-size-default\">8. Cookie-uri<\/h3>\t\t\t\t<\/div>\n\t\t\t\t<div class=\"elementor-element elementor-element-9d0a096 elementor-widget elementor-widget-heading\" data-id=\"9d0a096\" data-element_type=\"widget\" data-e-type=\"widget\" data-widget_type=\"heading.default\">\n\t\t\t\t\t<p class=\"elementor-heading-title elementor-size-default\">Site-ul poate utiliza cookie-uri pentru:\n\t\u2022\tfunc\u021bionare corect\u0103\n\t\u2022\tanaliz\u0103 trafic\n\t\u2022\tmarketing\n\nUtilizatorii pot controla cookie-urile din browser.<\/p>\t\t\t\t<\/div>\n\t\t\t\t\t<\/div>\n\t\t<\/div>\n\t\t\t\t\t<\/div>\n\t\t<\/section>\n\t\t\t\t<section class=\"elementor-section elementor-top-section elementor-element elementor-element-e53cce1 elementor-section-boxed elementor-section-height-default elementor-section-height-default\" data-id=\"e53cce1\" data-element_type=\"section\" data-e-type=\"section\">\n\t\t\t\t\t\t<div class=\"elementor-container elementor-column-gap-default\">\n\t\t\t\t\t<div class=\"elementor-column elementor-col-100 elementor-top-column elementor-element elementor-element-10def50\" data-id=\"10def50\" data-element_type=\"column\" data-e-type=\"column\">\n\t\t\t<div class=\"elementor-widget-wrap elementor-element-populated\">\n\t\t\t\t\t\t<div class=\"elementor-element elementor-element-a82124b elementor-widget elementor-widget-heading\" data-id=\"a82124b\" data-element_type=\"widget\" data-e-type=\"widget\" data-widget_type=\"heading.default\">\n\t\t\t\t\t<h3 class=\"elementor-heading-title elementor-size-default\">9. Securitatea datelor<\/h3>\t\t\t\t<\/div>\n\t\t\t\t<div class=\"elementor-element elementor-element-7d0d358 elementor-widget elementor-widget-heading\" data-id=\"7d0d358\" data-element_type=\"widget\" data-e-type=\"widget\" data-widget_type=\"heading.default\">\n\t\t\t\t\t<p class=\"elementor-heading-title elementor-size-default\">Implement\u0103m m\u0103suri tehnice \u0219i organizatorice pentru protec\u021bia datelor:\n\t\u2022\tcriptare SSL\n\t\u2022\tacces restric\u021bionat\n\t\u2022\tpolitici de backup\n\t\u2022\tprotec\u021bie \u00eempotriva atacurilor\n<\/p>\t\t\t\t<\/div>\n\t\t\t\t\t<\/div>\n\t\t<\/div>\n\t\t\t\t\t<\/div>\n\t\t<\/section>\n\t\t\t\t<\/div>","protected":false},"excerpt":{"rendered":"<p>1. Introducere Aceast\u0103 politic\u0103 explic\u0103 modul \u00een care sunt colectate, utilizate \u0219i protejate datele personale ale utilizatorilor care acceseaz\u0103 site-ul. Operatorul respect\u0103 legisla\u021bia aplicabil\u0103, inclusiv Regulamentul GDPR (UE 2016\/679). 2. Ce date colect\u0103m Putem colecta urm\u0103toarele date: \u2022 nume \u0219i prenume \u2022 adres\u0103 e-mail \u2022 num\u0103r de telefon \u2022 adresa de livrare \u2022 date de<\/p>\n<div class=\"klb-readmore entry-button\"><a class=\"btn read-more\" href=\"https:\/\/www.magazin.isusmiscanatiuni.ro\/en\/privacy-policy-2\/\">Read More<\/a><\/div>","protected":false},"author":1,"featured_media":0,"parent":0,"menu_order":0,"comment_status":"closed","ping_status":"open","template":"","meta":{"footnotes":""},"class_list":["post-2597","page","type-page","status-publish","hentry"],"_links":{"self":[{"href":"https:\/\/www.magazin.isusmiscanatiuni.ro\/en\/wp-json\/wp\/v2\/pages\/2597","targetHints":{"allow":["GET"]}}],"collection":[{"href":"https:\/\/www.magazin.isusmiscanatiuni.ro\/en\/wp-json\/wp\/v2\/pages"}],"about":[{"href":"https:\/\/www.magazin.isusmiscanatiuni.ro\/en\/wp-json\/wp\/v2\/types\/page"}],"author":[{"embeddable":true,"href":"https:\/\/www.magazin.isusmiscanatiuni.ro\/en\/wp-json\/wp\/v2\/users\/1"}],"replies":[{"embeddable":true,"href":"https:\/\/www.magazin.isusmiscanatiuni.ro\/en\/wp-json\/wp\/v2\/comments?post=2597"}],"version-history":[{"count":4,"href":"https:\/\/www.magazin.isusmiscanatiuni.ro\/en\/wp-json\/wp\/v2\/pages\/2597\/revisions"}],"predecessor-version":[{"id":2655,"href":"https:\/\/www.magazin.isusmiscanatiuni.ro\/en\/wp-json\/wp\/v2\/pages\/2597\/revisions\/2655"}],"wp:attachment":[{"href":"https:\/\/www.magazin.isusmiscanatiuni.ro\/en\/wp-json\/wp\/v2\/media?parent=2597"}],"curies":[{"name":"wp","href":"https:\/\/api.w.org\/{rel}","templated":true}]}}