{"id":2814,"date":"2025-12-07T19:54:31","date_gmt":"2025-12-07T19:54:31","guid":{"rendered":"https:\/\/isusmicanatiuni2.webely.ro\/?post_type=product&#038;p=2814"},"modified":"2025-12-07T19:54:31","modified_gmt":"2025-12-07T19:54:31","slug":"stropi-de-roua","status":"publish","type":"product","link":"https:\/\/www.magazin.isusmiscanatiuni.ro\/en\/product\/stropi-de-roua\/","title":{"rendered":"Stropi de roua"},"content":{"rendered":"<p>Eseuri crestine<\/p>\n<p>Din cuprins (partial)<\/p>\n<p>1 Mai duhovnicesc<br \/>\n8 Martie, un moment pentru to\u0163i<br \/>\n14 Februarie, o zi ca oricare alta<br \/>\n2017 este despre a fi<br \/>\nAceasta este ziua<br \/>\nAleg\u00e2nd robia lui Isus<br \/>\nAscultarea care face minuni<br \/>\nAspecte ale egoismului<br \/>\nAspecte ale uit\u0103rii<br \/>\nAur sau lemn. Dumnezeu ne vrea oricum<br \/>\nAvem de toate<br \/>\nAvem nevoie de biseric\u0103 \u015fi biserica de noi<br \/>\nBinecuv\u00e2ntata \u00eenviere<br \/>\nBiserica la teatru<br \/>\nBun\u0103tatea sau prim\u0103vara dintre noi<br \/>\nC\u00e2nd Dumnezeu tace<br \/>\nC\u00e2nd focul nu mai arde<br \/>\nC\u00e2t\u0103 nemul\u0163umire<br \/>\nC\u00e2te ceva despre lucruri<br \/>\nC\u00e2teva idei ca s\u0103 fim ceva<br \/>\nC\u00e2teva lucruri pe care oricum le \u015ftim<br \/>\nCe e tulbure \u015fi nu se vinde<br \/>\nCe facem cu ce avem?<br \/>\nCe facem cu talan\u0163ii?.<br \/>\nCe faci cu azi?<\/p>","protected":false},"excerpt":{"rendered":"<p>Eseuri crestine Din cuprins (partial) 1 Mai duhovnicesc 8 Martie, un moment pentru to\u0163i 14 Februarie, o zi ca oricare alta 2017 este despre a fi Aceasta este ziua Aleg\u00e2nd robia lui Isus Ascultarea care face minuni Aspecte ale egoismului Aspecte ale uit\u0103rii Aur sau lemn. Dumnezeu ne vrea oricum Avem de toate Avem nevoie<\/p>\n<div class=\"klb-readmore entry-button\"><a class=\"btn read-more\" href=\"https:\/\/www.magazin.isusmiscanatiuni.ro\/en\/product\/stropi-de-roua\/\">Read More<\/a><\/div>","protected":false},"featured_media":2817,"comment_status":"open","ping_status":"closed","template":"","meta":[],"product_brand":[],"product_cat":[130],"product_tag":[],"class_list":{"0":"post-2814","1":"product","2":"type-product","3":"status-publish","4":"has-post-thumbnail","6":"product_cat-carti-crestine","8":"first","9":"instock","10":"shipping-taxable","11":"purchasable","12":"product-type-simple"},"_links":{"self":[{"href":"https:\/\/www.magazin.isusmiscanatiuni.ro\/en\/wp-json\/wp\/v2\/product\/2814","targetHints":{"allow":["GET"]}}],"collection":[{"href":"https:\/\/www.magazin.isusmiscanatiuni.ro\/en\/wp-json\/wp\/v2\/product"}],"about":[{"href":"https:\/\/www.magazin.isusmiscanatiuni.ro\/en\/wp-json\/wp\/v2\/types\/product"}],"replies":[{"embeddable":true,"href":"https:\/\/www.magazin.isusmiscanatiuni.ro\/en\/wp-json\/wp\/v2\/comments?post=2814"}],"wp:featuredmedia":[{"embeddable":true,"href":"https:\/\/www.magazin.isusmiscanatiuni.ro\/en\/wp-json\/wp\/v2\/media\/2817"}],"wp:attachment":[{"href":"https:\/\/www.magazin.isusmiscanatiuni.ro\/en\/wp-json\/wp\/v2\/media?parent=2814"}],"wp:term":[{"taxonomy":"product_brand","embeddable":true,"href":"https:\/\/www.magazin.isusmiscanatiuni.ro\/en\/wp-json\/wp\/v2\/product_brand?post=2814"},{"taxonomy":"product_cat","embeddable":true,"href":"https:\/\/www.magazin.isusmiscanatiuni.ro\/en\/wp-json\/wp\/v2\/product_cat?post=2814"},{"taxonomy":"product_tag","embeddable":true,"href":"https:\/\/www.magazin.isusmiscanatiuni.ro\/en\/wp-json\/wp\/v2\/product_tag?post=2814"}],"curies":[{"name":"wp","href":"https:\/\/api.w.org\/{rel}","templated":true}]}}