{"id":2915,"date":"2025-12-12T18:10:26","date_gmt":"2025-12-12T18:10:26","guid":{"rendered":"https:\/\/magazin.isusmiscanatiuni.ro\/?post_type=product&#038;p=2915"},"modified":"2025-12-12T18:10:56","modified_gmt":"2025-12-12T18:10:56","slug":"un-inger-in-miez-de-noapte","status":"publish","type":"product","link":"https:\/\/www.magazin.isusmiscanatiuni.ro\/en\/product\/un-inger-in-miez-de-noapte\/","title":{"rendered":"Un \u00eenger \u00een miez de noapte"},"content":{"rendered":"<p>\u021ai-a fost vreodat\u0103 fric\u0103 de ceva?<\/p>\n<p>Vreau s\u0103-\u021bi povestesc despre un moment din copil\u0103ria mea. Vreau s\u0103-\u021bi povestesc despre frica mea \u0219i despre cum Dumnezeu a alungat-o din inima mea.<\/p>","protected":false},"excerpt":{"rendered":"<p>\u021ai-a fost vreodat\u0103 fric\u0103 de ceva? Vreau s\u0103-\u021bi povestesc despre un moment din copil\u0103ria mea. Vreau s\u0103-\u021bi povestesc despre frica mea \u0219i despre cum Dumnezeu a alungat-o din inima mea.<\/p>","protected":false},"featured_media":2918,"comment_status":"open","ping_status":"closed","template":"","meta":[],"product_brand":[],"product_cat":[130],"product_tag":[],"class_list":{"0":"post-2915","1":"product","2":"type-product","3":"status-publish","4":"has-post-thumbnail","6":"product_cat-carti-crestine","8":"first","9":"instock","10":"shipping-taxable","11":"purchasable","12":"product-type-simple"},"_links":{"self":[{"href":"https:\/\/www.magazin.isusmiscanatiuni.ro\/en\/wp-json\/wp\/v2\/product\/2915","targetHints":{"allow":["GET"]}}],"collection":[{"href":"https:\/\/www.magazin.isusmiscanatiuni.ro\/en\/wp-json\/wp\/v2\/product"}],"about":[{"href":"https:\/\/www.magazin.isusmiscanatiuni.ro\/en\/wp-json\/wp\/v2\/types\/product"}],"replies":[{"embeddable":true,"href":"https:\/\/www.magazin.isusmiscanatiuni.ro\/en\/wp-json\/wp\/v2\/comments?post=2915"}],"wp:featuredmedia":[{"embeddable":true,"href":"https:\/\/www.magazin.isusmiscanatiuni.ro\/en\/wp-json\/wp\/v2\/media\/2918"}],"wp:attachment":[{"href":"https:\/\/www.magazin.isusmiscanatiuni.ro\/en\/wp-json\/wp\/v2\/media?parent=2915"}],"wp:term":[{"taxonomy":"product_brand","embeddable":true,"href":"https:\/\/www.magazin.isusmiscanatiuni.ro\/en\/wp-json\/wp\/v2\/product_brand?post=2915"},{"taxonomy":"product_cat","embeddable":true,"href":"https:\/\/www.magazin.isusmiscanatiuni.ro\/en\/wp-json\/wp\/v2\/product_cat?post=2915"},{"taxonomy":"product_tag","embeddable":true,"href":"https:\/\/www.magazin.isusmiscanatiuni.ro\/en\/wp-json\/wp\/v2\/product_tag?post=2915"}],"curies":[{"name":"wp","href":"https:\/\/api.w.org\/{rel}","templated":true}]}}